{"id":92,"date":"2022-08-05T14:48:27","date_gmt":"2022-08-05T14:48:27","guid":{"rendered":"https:\/\/quemadoresdegrasa.tk\/?page_id=92"},"modified":"2025-08-09T16:49:35","modified_gmt":"2025-08-09T19:49:35","slug":"comprar","status":"publish","type":"page","link":"https:\/\/quemadoresdegrasa.site\/index.php\/comprar\/","title":{"rendered":"Comprar"},"content":{"rendered":"<p><span style=\"color: #000000;\">Para realizar una compra primero deber\u00e1 <strong>registrarse como cliente con su direcci\u00f3n de email.<\/strong> Una vez que se haya registrado podr\u00e1 realizar la compra en el sitio mediante el sistema de <strong>carrito de compras<\/strong>, agregando los productos que desee y eligiendo el m\u00e9todo de pago de su conveniencia. Luego que haya enviado su orden de compra podr\u00e1 visualizar ingresando al men\u00fa <strong>\u00abMi Cuenta\u00bb <\/strong>en la secci\u00f3n<strong> \u00abPedidos\u00bb<\/strong> el estado correspondiente de su orden. Aqu\u00ed podr\u00e1 visualizar las siguientes leyendas:<\/span><\/p>\n<ul>\n<li><span style=\"color: #000000;\"><strong>\u00abEN ESPERA\u00bb:<\/strong> significa que su orden de compra fue enviada correctamente y est\u00e1 pendiente de aprobaci\u00f3n.<br \/>\n<\/span><\/li>\n<li><span style=\"color: #000000;\"><strong>\u00abPENDIENTE DE PAGO\u00bb:<\/strong> significa que su orden fue aprobada y deber\u00e1 realizar el pago correspondiente. Tener en cuenta que si el pago no se realiza en el transcurso de 5 d\u00edas h\u00e1biles, su orden ser\u00e1 anulada autom\u00e1ticamente, por lo cual deber\u00e1 volver a realizar una nueva. <\/span><\/li>\n<li><span style=\"color: #000000;\"><strong>\u00abPROCESANDO\u00bb:<\/strong> significa que su pago fue acreditado correctamente y su pedido ya se encuentra en etapa de preparaci\u00f3n para luego ser despachado.<\/span><\/li>\n<li><span style=\"color: #000000;\"><strong>\u00abENVIADO\u00bb:<\/strong> significa que su pedido ya fue despachado con el servicio de log\u00edstica y se encuentra en transito hacia su destino.<\/span><\/li>\n<li><span style=\"color: #000000;\"><strong>\u00abCOMPLETADO\u00bb:<\/strong> significa que su pedido completo todas las instancias.\u00a0<\/span><\/li>\n<li><span style=\"color: #000000;\"><strong>\u00abCANCELADO\u00bb:<\/strong> significa que su pedido fue cancelado.<\/span><\/li>\n<li><span style=\"color: #000000;\"><strong>\u00abDEVUELTO\u00bb:<\/strong> significa que el pago fue anulado y\/o devuelto al comprador.<\/span><\/li>\n<\/ul>\n<p><span style=\"color: #000000;\"><em>Durante todo el proceso de compra recibir\u00e1 por <strong>EMAIL<\/strong> las respectivas notificaciones sobre el estado de su pedido: orden recibida, pagos, env\u00edo, etc.\u00a0\u00a0<\/em><\/span><\/p>\n","protected":false},"excerpt":{"rendered":"<p>Para realizar una compra primero deber\u00e1 registrarse como cliente con su direcci\u00f3n de email. Una vez que se haya registrado podr\u00e1 realizar la compra en el sitio mediante el sistema de carrito de compras, agregando los productos que desee y eligiendo el m\u00e9todo de pago de su conveniencia. Luego que haya enviado su orden de [&hellip;]<\/p>\n","protected":false},"author":1,"featured_media":0,"parent":0,"menu_order":0,"comment_status":"closed","ping_status":"closed","template":"","meta":{"footnotes":""},"class_list":["post-92","page","type-page","status-publish","hentry"],"_links":{"self":[{"href":"https:\/\/quemadoresdegrasa.site\/index.php\/wp-json\/wp\/v2\/pages\/92","targetHints":{"allow":["GET"]}}],"collection":[{"href":"https:\/\/quemadoresdegrasa.site\/index.php\/wp-json\/wp\/v2\/pages"}],"about":[{"href":"https:\/\/quemadoresdegrasa.site\/index.php\/wp-json\/wp\/v2\/types\/page"}],"author":[{"embeddable":true,"href":"https:\/\/quemadoresdegrasa.site\/index.php\/wp-json\/wp\/v2\/users\/1"}],"replies":[{"embeddable":true,"href":"https:\/\/quemadoresdegrasa.site\/index.php\/wp-json\/wp\/v2\/comments?post=92"}],"version-history":[{"count":5,"href":"https:\/\/quemadoresdegrasa.site\/index.php\/wp-json\/wp\/v2\/pages\/92\/revisions"}],"predecessor-version":[{"id":362,"href":"https:\/\/quemadoresdegrasa.site\/index.php\/wp-json\/wp\/v2\/pages\/92\/revisions\/362"}],"wp:attachment":[{"href":"https:\/\/quemadoresdegrasa.site\/index.php\/wp-json\/wp\/v2\/media?parent=92"}],"curies":[{"name":"wp","href":"https:\/\/api.w.org\/{rel}","templated":true}]}}