{"id":365,"date":"2025-08-09T17:48:26","date_gmt":"2025-08-09T20:48:26","guid":{"rendered":"https:\/\/quemadoresdegrasa.site\/?post_type=product&#038;p=365"},"modified":"2026-01-23T16:47:33","modified_gmt":"2026-01-23T19:47:33","slug":"stano-10-estanozolol-10mg-x-100-comprimidos","status":"publish","type":"product","link":"https:\/\/quemadoresdegrasa.site\/index.php\/producto\/stano-10-estanozolol-10mg-x-100-comprimidos\/","title":{"rendered":"STANO-10 estanozolol 10mg x 100 comprimidos"},"content":{"rendered":"<p>Esteroide anab\u00f3lico oral.<\/p>\n<p>Estanozolol 10mg. F\u00f3rmula magistral. Gen\u00e9rica (Calidad intermedia)<\/p>\n<ul>\n<li>Aumenta la retenci\u00f3n de nitr\u00f3geno (balance positivo).<\/li>\n<li>Aumenta la s\u00edntesis proteica (aumento de masa muscular).<\/li>\n<li>Favorece la recuperaci\u00f3n muscular pos-entreno.<\/li>\n<li>Baja retenci\u00f3n de agua subcut\u00e1nea.<\/li>\n<li>Complemento anab\u00f3lico para atletas, deportistas, y fisicoculturistas.<\/li>\n<\/ul>\n","protected":false},"excerpt":{"rendered":"<p>Esteroide anab\u00f3lico oral. Estanozolol 10mg. F\u00f3rmula magistral. Gen\u00e9rica (Calidad intermedia) Aumenta la retenci\u00f3n de nitr\u00f3geno (balance positivo). Aumenta la s\u00edntesis proteica (aumento de masa muscular). Favorece la recuperaci\u00f3n muscular pos-entreno. Baja retenci\u00f3n de agua subcut\u00e1nea. Complemento anab\u00f3lico para atletas, deportistas, y fisicoculturistas.<\/p>\n","protected":false},"featured_media":386,"template":"","meta":[],"product_brand":[],"product_cat":[32,30],"product_tag":[],"class_list":{"0":"post-365","1":"product","2":"type-product","3":"status-publish","4":"has-post-thumbnail","6":"product_cat-estanozolol","7":"product_cat-esteroides-anabolicos","9":"first","10":"instock","11":"sale","12":"shipping-taxable","13":"purchasable","14":"product-type-simple"},"_links":{"self":[{"href":"https:\/\/quemadoresdegrasa.site\/index.php\/wp-json\/wp\/v2\/product\/365","targetHints":{"allow":["GET"]}}],"collection":[{"href":"https:\/\/quemadoresdegrasa.site\/index.php\/wp-json\/wp\/v2\/product"}],"about":[{"href":"https:\/\/quemadoresdegrasa.site\/index.php\/wp-json\/wp\/v2\/types\/product"}],"wp:featuredmedia":[{"embeddable":true,"href":"https:\/\/quemadoresdegrasa.site\/index.php\/wp-json\/wp\/v2\/media\/386"}],"wp:attachment":[{"href":"https:\/\/quemadoresdegrasa.site\/index.php\/wp-json\/wp\/v2\/media?parent=365"}],"wp:term":[{"taxonomy":"product_brand","embeddable":true,"href":"https:\/\/quemadoresdegrasa.site\/index.php\/wp-json\/wp\/v2\/product_brand?post=365"},{"taxonomy":"product_cat","embeddable":true,"href":"https:\/\/quemadoresdegrasa.site\/index.php\/wp-json\/wp\/v2\/product_cat?post=365"},{"taxonomy":"product_tag","embeddable":true,"href":"https:\/\/quemadoresdegrasa.site\/index.php\/wp-json\/wp\/v2\/product_tag?post=365"}],"curies":[{"name":"wp","href":"https:\/\/api.w.org\/{rel}","templated":true}]}}