{"id":39,"date":"2022-06-22T21:10:26","date_gmt":"2022-06-22T21:10:26","guid":{"rendered":"https:\/\/quemadoresdegrasa.tk\/?post_type=product&#038;p=39"},"modified":"2026-04-16T17:56:50","modified_gmt":"2026-04-16T20:56:50","slug":"clembuterol-50mcg-50-comprimidos","status":"publish","type":"product","link":"https:\/\/quemadoresdegrasa.site\/index.php\/producto\/clembuterol-50mcg-50-comprimidos\/","title":{"rendered":"Clembuterol 50mcg (50 comprimidos)"},"content":{"rendered":"","protected":false},"excerpt":{"rendered":"<p><strong>Modo de uso:<\/strong> 1 comprimido por la ma\u00f1ana y 1 comprimido por la tarde en modalidad 2&#215;1, es decir, 2 d\u00edas s\u00ed y 1 d\u00eda no.<\/p>\n","protected":false},"featured_media":200,"template":"","meta":[],"product_brand":[],"product_cat":[22],"product_tag":[],"class_list":{"0":"post-39","1":"product","2":"type-product","3":"status-publish","4":"has-post-thumbnail","6":"product_cat-clembuterol","8":"first","9":"outofstock","10":"shipping-taxable","11":"purchasable","12":"product-type-simple"},"_links":{"self":[{"href":"https:\/\/quemadoresdegrasa.site\/index.php\/wp-json\/wp\/v2\/product\/39","targetHints":{"allow":["GET"]}}],"collection":[{"href":"https:\/\/quemadoresdegrasa.site\/index.php\/wp-json\/wp\/v2\/product"}],"about":[{"href":"https:\/\/quemadoresdegrasa.site\/index.php\/wp-json\/wp\/v2\/types\/product"}],"wp:featuredmedia":[{"embeddable":true,"href":"https:\/\/quemadoresdegrasa.site\/index.php\/wp-json\/wp\/v2\/media\/200"}],"wp:attachment":[{"href":"https:\/\/quemadoresdegrasa.site\/index.php\/wp-json\/wp\/v2\/media?parent=39"}],"wp:term":[{"taxonomy":"product_brand","embeddable":true,"href":"https:\/\/quemadoresdegrasa.site\/index.php\/wp-json\/wp\/v2\/product_brand?post=39"},{"taxonomy":"product_cat","embeddable":true,"href":"https:\/\/quemadoresdegrasa.site\/index.php\/wp-json\/wp\/v2\/product_cat?post=39"},{"taxonomy":"product_tag","embeddable":true,"href":"https:\/\/quemadoresdegrasa.site\/index.php\/wp-json\/wp\/v2\/product_tag?post=39"}],"curies":[{"name":"wp","href":"https:\/\/api.w.org\/{rel}","templated":true}]}}